{"id":2698,"date":"2024-11-15T14:32:17","date_gmt":"2024-11-15T12:32:17","guid":{"rendered":"https:\/\/dredy-praha.cz\/?post_type=product&#038;p=2698"},"modified":"2024-11-18T00:36:40","modified_gmt":"2024-11-17T22:36:40","slug":"spray-antiseptique","status":"publish","type":"product","link":"https:\/\/dredy-praha.cz\/ru\/product\/spray-antiseptique\/","title":{"rendered":"\u041b\u043e\u043f\u0443\u0445\u043e\u0432\u0430\u044f \u0432\u043e\u0434\u0430"},"content":{"rendered":"<p><span data-sheets-root=\"1\">Nen\u00ed antiseptick\u00fd, pouze zm\u00edr\u0148uje sv\u011bd\u011bn\u00ed a zklid\u0148uje poko\u017eku hlavy.<\/span><\/p>\n<p><span data-sheets-root=\"1\">\u041d\u0435 \u0430\u043d\u0442\u0438\u0441\u0435\u043f\u0442\u0438\u043a, \u0430 \u043f\u0440\u043e\u0441\u0442\u043e \u0441\u043d\u0438\u043c\u0430\u0435\u0442 \u0437\u0443\u0434 \u0438 \u0443\u0441\u043f\u043e\u043a\u0430\u0438\u0432\u0430\u0435\u0442 \u043a\u043e\u0436\u0443 \u0433\u043e\u043b\u043e\u0432\u044b<\/span><\/p>","protected":false},"excerpt":{"rendered":"<p><span data-sheets-root=\"1\">N\u00e1prava poko\u017eky hlavy<\/span><\/p>\n<p><span data-sheets-root=\"1\">\u0421\u0440\u0435\u0434\u0441\u0442\u0432\u043e \u0434\u043b\u044f \u043a\u043e\u0436\u0438\u00a0\u0433\u043e\u043b\u043e\u0432\u044b<\/span><\/p>\n<p>&nbsp;<\/p>","protected":false},"featured_media":2760,"comment_status":"open","ping_status":"closed","template":"","meta":{"_gspb_post_css":"","_vp_format_video_url":"","_vp_image_focal_point":[]},"product_brand":[],"product_cat":[186],"product_tag":[],"class_list":{"0":"post-2698","1":"product","2":"type-product","3":"status-publish","4":"has-post-thumbnail","6":"product_cat-uncategorized","8":"first","9":"instock","10":"shipping-taxable","11":"purchasable","12":"product-type-simple"},"yoast_head":"<!-- This site is optimized with the Yoast SEO plugin v27.4 - https:\/\/yoast.com\/product\/yoast-seo-wordpress\/ -->\n<title>Lopuchova voda | \u041b\u043e\u043f\u0443\u0445\u043e\u0432\u0430\u044f \u0432\u043e\u0434\u0430 - Liliia Dredy Praha<\/title>\n<meta name=\"robots\" content=\"index, follow, max-snippet:-1, max-image-preview:large, max-video-preview:-1\" \/>\n<link rel=\"canonical\" href=\"https:\/\/dredy-praha.cz\/ru\/product\/spray-antiseptique\/\" \/>\n<meta property=\"og:locale\" content=\"ru_RU\" \/>\n<meta property=\"og:type\" content=\"article\" \/>\n<meta property=\"og:title\" content=\"Lopuchova voda | \u041b\u043e\u043f\u0443\u0445\u043e\u0432\u0430\u044f \u0432\u043e\u0434\u0430 - Liliia Dredy Praha\" \/>\n<meta property=\"og:description\" content=\"N\u00e1prava poko\u017eky hlavy  \u0421\u0440\u0435\u0434\u0441\u0442\u0432\u043e \u0434\u043b\u044f \u043a\u043e\u0436\u0438\u00a0\u0433\u043e\u043b\u043e\u0432\u044b  &nbsp;\" \/>\n<meta property=\"og:url\" content=\"https:\/\/dredy-praha.cz\/ru\/product\/spray-antiseptique\/\" \/>\n<meta property=\"og:site_name\" content=\"Liliia Dredy Praha\" \/>\n<meta property=\"article:modified_time\" content=\"2024-11-17T22:36:40+00:00\" \/>\n<meta property=\"og:image\" content=\"https:\/\/dredy-praha.cz\/wp-content\/uploads\/2024\/11\/luna-vlasova-voda-lopuch-e1731882315618.jpg\" \/>\n\t<meta property=\"og:image:width\" content=\"237\" \/>\n\t<meta property=\"og:image:height\" content=\"353\" \/>\n\t<meta property=\"og:image:type\" content=\"image\/jpeg\" \/>\n<meta name=\"twitter:card\" content=\"summary_large_image\" \/>\n<meta name=\"twitter:label1\" content=\"\u041f\u0440\u0438\u043c\u0435\u0440\u043d\u043e\u0435 \u0432\u0440\u0435\u043c\u044f \u0434\u043b\u044f \u0447\u0442\u0435\u043d\u0438\u044f\" \/>\n\t<meta name=\"twitter:data1\" content=\"1 \u043c\u0438\u043d\u0443\u0442\u0430\" \/>\n<script type=\"application\/ld+json\" class=\"yoast-schema-graph\">{\"@context\":\"https:\\\/\\\/schema.org\",\"@graph\":[{\"@type\":\"WebPage\",\"@id\":\"https:\\\/\\\/dredy-praha.cz\\\/product\\\/spray-antiseptique\\\/\",\"url\":\"https:\\\/\\\/dredy-praha.cz\\\/product\\\/spray-antiseptique\\\/\",\"name\":\"Lopuchova voda | \u041b\u043e\u043f\u0443\u0445\u043e\u0432\u0430\u044f \u0432\u043e\u0434\u0430 - Liliia Dredy Praha\",\"isPartOf\":{\"@id\":\"https:\\\/\\\/dredy-praha.cz\\\/#website\"},\"primaryImageOfPage\":{\"@id\":\"https:\\\/\\\/dredy-praha.cz\\\/product\\\/spray-antiseptique\\\/#primaryimage\"},\"image\":{\"@id\":\"https:\\\/\\\/dredy-praha.cz\\\/product\\\/spray-antiseptique\\\/#primaryimage\"},\"thumbnailUrl\":\"https:\\\/\\\/dredy-praha.cz\\\/wp-content\\\/uploads\\\/2024\\\/11\\\/luna-vlasova-voda-lopuch-e1731882315618.jpg\",\"datePublished\":\"2024-11-15T12:32:17+00:00\",\"dateModified\":\"2024-11-17T22:36:40+00:00\",\"breadcrumb\":{\"@id\":\"https:\\\/\\\/dredy-praha.cz\\\/product\\\/spray-antiseptique\\\/#breadcrumb\"},\"inLanguage\":\"ru-RU\",\"potentialAction\":[{\"@type\":\"ReadAction\",\"target\":[\"https:\\\/\\\/dredy-praha.cz\\\/product\\\/spray-antiseptique\\\/\"]}]},{\"@type\":\"ImageObject\",\"inLanguage\":\"ru-RU\",\"@id\":\"https:\\\/\\\/dredy-praha.cz\\\/product\\\/spray-antiseptique\\\/#primaryimage\",\"url\":\"https:\\\/\\\/dredy-praha.cz\\\/wp-content\\\/uploads\\\/2024\\\/11\\\/luna-vlasova-voda-lopuch-e1731882315618.jpg\",\"contentUrl\":\"https:\\\/\\\/dredy-praha.cz\\\/wp-content\\\/uploads\\\/2024\\\/11\\\/luna-vlasova-voda-lopuch-e1731882315618.jpg\",\"width\":237,\"height\":353},{\"@type\":\"BreadcrumbList\",\"@id\":\"https:\\\/\\\/dredy-praha.cz\\\/product\\\/spray-antiseptique\\\/#breadcrumb\",\"itemListElement\":[{\"@type\":\"ListItem\",\"position\":1,\"name\":\"Home\",\"item\":\"https:\\\/\\\/dredy-praha.cz\\\/\"},{\"@type\":\"ListItem\",\"position\":2,\"name\":\"e-shop\",\"item\":\"https:\\\/\\\/dredy-praha.cz\\\/e-shop\\\/\"},{\"@type\":\"ListItem\",\"position\":3,\"name\":\"Lopuchova voda | \u041b\u043e\u043f\u0443\u0445\u043e\u0432\u0430\u044f \u0432\u043e\u0434\u0430\"}]},{\"@type\":\"WebSite\",\"@id\":\"https:\\\/\\\/dredy-praha.cz\\\/#website\",\"url\":\"https:\\\/\\\/dredy-praha.cz\\\/\",\"name\":\"Liliia Dredy Praha\",\"description\":\"Studio Liliia Dredy Praha\",\"publisher\":{\"@id\":\"https:\\\/\\\/dredy-praha.cz\\\/#organization\"},\"alternateName\":\"Dredy Praha\",\"potentialAction\":[{\"@type\":\"SearchAction\",\"target\":{\"@type\":\"EntryPoint\",\"urlTemplate\":\"https:\\\/\\\/dredy-praha.cz\\\/?s={search_term_string}\"},\"query-input\":{\"@type\":\"PropertyValueSpecification\",\"valueRequired\":true,\"valueName\":\"search_term_string\"}}],\"inLanguage\":\"ru-RU\"},{\"@type\":\"Organization\",\"@id\":\"https:\\\/\\\/dredy-praha.cz\\\/#organization\",\"name\":\"Liliia Dredy Praha\",\"alternateName\":\"Dredy Praha\",\"url\":\"https:\\\/\\\/dredy-praha.cz\\\/\",\"logo\":{\"@type\":\"ImageObject\",\"inLanguage\":\"ru-RU\",\"@id\":\"https:\\\/\\\/dredy-praha.cz\\\/#\\\/schema\\\/logo\\\/image\\\/\",\"url\":\"https:\\\/\\\/dredy-praha.cz\\\/wp-content\\\/uploads\\\/2024\\\/07\\\/lilie-dredy-logo-512.png\",\"contentUrl\":\"https:\\\/\\\/dredy-praha.cz\\\/wp-content\\\/uploads\\\/2024\\\/07\\\/lilie-dredy-logo-512.png\",\"width\":512,\"height\":512,\"caption\":\"Liliia Dredy Praha\"},\"image\":{\"@id\":\"https:\\\/\\\/dredy-praha.cz\\\/#\\\/schema\\\/logo\\\/image\\\/\"},\"sameAs\":[\"https:\\\/\\\/www.instagram.com\\\/liliiadreads\\\/\"]}]}<\/script>\n<!-- \/ Yoast SEO plugin. -->","yoast_head_json":{"title":"Lopuchova voda | \u041b\u043e\u043f\u0443\u0445\u043e\u0432\u0430\u044f \u0432\u043e\u0434\u0430 - Liliia Dredy Praha","robots":{"index":"index","follow":"follow","max-snippet":"max-snippet:-1","max-image-preview":"max-image-preview:large","max-video-preview":"max-video-preview:-1"},"canonical":"https:\/\/dredy-praha.cz\/ru\/product\/spray-antiseptique\/","og_locale":"ru_RU","og_type":"article","og_title":"Lopuchova voda | \u041b\u043e\u043f\u0443\u0445\u043e\u0432\u0430\u044f \u0432\u043e\u0434\u0430 - Liliia Dredy Praha","og_description":"N\u00e1prava poko\u017eky hlavy  \u0421\u0440\u0435\u0434\u0441\u0442\u0432\u043e \u0434\u043b\u044f \u043a\u043e\u0436\u0438\u00a0\u0433\u043e\u043b\u043e\u0432\u044b  &nbsp;","og_url":"https:\/\/dredy-praha.cz\/ru\/product\/spray-antiseptique\/","og_site_name":"Liliia Dredy Praha","article_modified_time":"2024-11-17T22:36:40+00:00","og_image":[{"width":237,"height":353,"url":"https:\/\/dredy-praha.cz\/wp-content\/uploads\/2024\/11\/luna-vlasova-voda-lopuch-e1731882315618.jpg","type":"image\/jpeg"}],"twitter_card":"summary_large_image","twitter_misc":{"\u041f\u0440\u0438\u043c\u0435\u0440\u043d\u043e\u0435 \u0432\u0440\u0435\u043c\u044f \u0434\u043b\u044f \u0447\u0442\u0435\u043d\u0438\u044f":"1 \u043c\u0438\u043d\u0443\u0442\u0430"},"schema":{"@context":"https:\/\/schema.org","@graph":[{"@type":"WebPage","@id":"https:\/\/dredy-praha.cz\/product\/spray-antiseptique\/","url":"https:\/\/dredy-praha.cz\/product\/spray-antiseptique\/","name":"Lopuchova voda | \u041b\u043e\u043f\u0443\u0445\u043e\u0432\u0430\u044f \u0432\u043e\u0434\u0430 - Liliia Dredy Praha","isPartOf":{"@id":"https:\/\/dredy-praha.cz\/#website"},"primaryImageOfPage":{"@id":"https:\/\/dredy-praha.cz\/product\/spray-antiseptique\/#primaryimage"},"image":{"@id":"https:\/\/dredy-praha.cz\/product\/spray-antiseptique\/#primaryimage"},"thumbnailUrl":"https:\/\/dredy-praha.cz\/wp-content\/uploads\/2024\/11\/luna-vlasova-voda-lopuch-e1731882315618.jpg","datePublished":"2024-11-15T12:32:17+00:00","dateModified":"2024-11-17T22:36:40+00:00","breadcrumb":{"@id":"https:\/\/dredy-praha.cz\/product\/spray-antiseptique\/#breadcrumb"},"inLanguage":"ru-RU","potentialAction":[{"@type":"ReadAction","target":["https:\/\/dredy-praha.cz\/product\/spray-antiseptique\/"]}]},{"@type":"ImageObject","inLanguage":"ru-RU","@id":"https:\/\/dredy-praha.cz\/product\/spray-antiseptique\/#primaryimage","url":"https:\/\/dredy-praha.cz\/wp-content\/uploads\/2024\/11\/luna-vlasova-voda-lopuch-e1731882315618.jpg","contentUrl":"https:\/\/dredy-praha.cz\/wp-content\/uploads\/2024\/11\/luna-vlasova-voda-lopuch-e1731882315618.jpg","width":237,"height":353},{"@type":"BreadcrumbList","@id":"https:\/\/dredy-praha.cz\/product\/spray-antiseptique\/#breadcrumb","itemListElement":[{"@type":"ListItem","position":1,"name":"Home","item":"https:\/\/dredy-praha.cz\/"},{"@type":"ListItem","position":2,"name":"e-shop","item":"https:\/\/dredy-praha.cz\/e-shop\/"},{"@type":"ListItem","position":3,"name":"Lopuchova voda | \u041b\u043e\u043f\u0443\u0445\u043e\u0432\u0430\u044f \u0432\u043e\u0434\u0430"}]},{"@type":"WebSite","@id":"https:\/\/dredy-praha.cz\/#website","url":"https:\/\/dredy-praha.cz\/","name":"Liliia Dredy Praha","description":"Studio Liliia Dredy Praha","publisher":{"@id":"https:\/\/dredy-praha.cz\/#organization"},"alternateName":"Dredy Praha","potentialAction":[{"@type":"SearchAction","target":{"@type":"EntryPoint","urlTemplate":"https:\/\/dredy-praha.cz\/?s={search_term_string}"},"query-input":{"@type":"PropertyValueSpecification","valueRequired":true,"valueName":"search_term_string"}}],"inLanguage":"ru-RU"},{"@type":"Organization","@id":"https:\/\/dredy-praha.cz\/#organization","name":"Liliia Dredy Praha","alternateName":"Dredy Praha","url":"https:\/\/dredy-praha.cz\/","logo":{"@type":"ImageObject","inLanguage":"ru-RU","@id":"https:\/\/dredy-praha.cz\/#\/schema\/logo\/image\/","url":"https:\/\/dredy-praha.cz\/wp-content\/uploads\/2024\/07\/lilie-dredy-logo-512.png","contentUrl":"https:\/\/dredy-praha.cz\/wp-content\/uploads\/2024\/07\/lilie-dredy-logo-512.png","width":512,"height":512,"caption":"Liliia Dredy Praha"},"image":{"@id":"https:\/\/dredy-praha.cz\/#\/schema\/logo\/image\/"},"sameAs":["https:\/\/www.instagram.com\/liliiadreads\/"]}]}},"_links":{"self":[{"href":"https:\/\/dredy-praha.cz\/ru\/wp-json\/wp\/v2\/product\/2698","targetHints":{"allow":["GET"]}}],"collection":[{"href":"https:\/\/dredy-praha.cz\/ru\/wp-json\/wp\/v2\/product"}],"about":[{"href":"https:\/\/dredy-praha.cz\/ru\/wp-json\/wp\/v2\/types\/product"}],"replies":[{"embeddable":true,"href":"https:\/\/dredy-praha.cz\/ru\/wp-json\/wp\/v2\/comments?post=2698"}],"wp:featuredmedia":[{"embeddable":true,"href":"https:\/\/dredy-praha.cz\/ru\/wp-json\/wp\/v2\/media\/2760"}],"wp:attachment":[{"href":"https:\/\/dredy-praha.cz\/ru\/wp-json\/wp\/v2\/media?parent=2698"}],"wp:term":[{"taxonomy":"product_brand","embeddable":true,"href":"https:\/\/dredy-praha.cz\/ru\/wp-json\/wp\/v2\/product_brand?post=2698"},{"taxonomy":"product_cat","embeddable":true,"href":"https:\/\/dredy-praha.cz\/ru\/wp-json\/wp\/v2\/product_cat?post=2698"},{"taxonomy":"product_tag","embeddable":true,"href":"https:\/\/dredy-praha.cz\/ru\/wp-json\/wp\/v2\/product_tag?post=2698"}],"curies":[{"name":"wp","href":"https:\/\/api.w.org\/{rel}","templated":true}]}}