{"id":2695,"date":"2024-11-15T14:29:53","date_gmt":"2024-11-15T12:29:53","guid":{"rendered":"https:\/\/dredy-praha.cz\/muj-ucet\/"},"modified":"2024-11-15T14:29:53","modified_gmt":"2024-11-15T12:29:53","slug":"muj-ucet","status":"publish","type":"page","link":"https:\/\/dredy-praha.cz\/ru\/muj-ucet\/","title":{"rendered":"M\u016fj \u00fa\u010det"},"content":{"rendered":"<div class=\"woocommerce\"><\/div>","protected":false},"excerpt":{"rendered":"","protected":false},"author":1,"featured_media":0,"parent":0,"menu_order":0,"comment_status":"closed","ping_status":"closed","template":"","meta":{"_gspb_post_css":"","_vp_format_video_url":"","_vp_image_focal_point":[],"footnotes":""},"class_list":["post-2695","page","type-page","status-publish","hentry"],"yoast_head":"<!-- This site is optimized with the Yoast SEO plugin v27.4 - https:\/\/yoast.com\/product\/yoast-seo-wordpress\/ -->\n<title>M\u016fj \u00fa\u010det - Liliia Dredy Praha<\/title>\n<meta name=\"robots\" content=\"index, follow, max-snippet:-1, max-image-preview:large, max-video-preview:-1\" \/>\n<link rel=\"canonical\" href=\"https:\/\/dredy-praha.cz\/ru\/muj-ucet\/\" \/>\n<meta property=\"og:locale\" content=\"ru_RU\" \/>\n<meta property=\"og:type\" content=\"article\" \/>\n<meta property=\"og:title\" content=\"M\u016fj \u00fa\u010det - Liliia Dredy Praha\" \/>\n<meta property=\"og:url\" content=\"https:\/\/dredy-praha.cz\/ru\/muj-ucet\/\" \/>\n<meta property=\"og:site_name\" content=\"Liliia Dredy Praha\" \/>\n<meta name=\"twitter:card\" content=\"summary_large_image\" \/>\n<script type=\"application\/ld+json\" class=\"yoast-schema-graph\">{\"@context\":\"https:\\\/\\\/schema.org\",\"@graph\":[{\"@type\":\"WebPage\",\"@id\":\"https:\\\/\\\/dredy-praha.cz\\\/muj-ucet\\\/\",\"url\":\"https:\\\/\\\/dredy-praha.cz\\\/muj-ucet\\\/\",\"name\":\"M\u016fj \u00fa\u010det - Liliia Dredy Praha\",\"isPartOf\":{\"@id\":\"https:\\\/\\\/dredy-praha.cz\\\/#website\"},\"datePublished\":\"2024-11-15T12:29:53+00:00\",\"breadcrumb\":{\"@id\":\"https:\\\/\\\/dredy-praha.cz\\\/muj-ucet\\\/#breadcrumb\"},\"inLanguage\":\"ru-RU\",\"potentialAction\":[{\"@type\":\"ReadAction\",\"target\":[\"https:\\\/\\\/dredy-praha.cz\\\/muj-ucet\\\/\"]}]},{\"@type\":\"BreadcrumbList\",\"@id\":\"https:\\\/\\\/dredy-praha.cz\\\/muj-ucet\\\/#breadcrumb\",\"itemListElement\":[{\"@type\":\"ListItem\",\"position\":1,\"name\":\"Home\",\"item\":\"https:\\\/\\\/dredy-praha.cz\\\/\"},{\"@type\":\"ListItem\",\"position\":2,\"name\":\"M\u016fj \u00fa\u010det\"}]},{\"@type\":\"WebSite\",\"@id\":\"https:\\\/\\\/dredy-praha.cz\\\/#website\",\"url\":\"https:\\\/\\\/dredy-praha.cz\\\/\",\"name\":\"Liliia Dredy Praha\",\"description\":\"Studio Liliia Dredy Praha\",\"publisher\":{\"@id\":\"https:\\\/\\\/dredy-praha.cz\\\/#organization\"},\"alternateName\":\"Dredy Praha\",\"potentialAction\":[{\"@type\":\"SearchAction\",\"target\":{\"@type\":\"EntryPoint\",\"urlTemplate\":\"https:\\\/\\\/dredy-praha.cz\\\/?s={search_term_string}\"},\"query-input\":{\"@type\":\"PropertyValueSpecification\",\"valueRequired\":true,\"valueName\":\"search_term_string\"}}],\"inLanguage\":\"ru-RU\"},{\"@type\":\"Organization\",\"@id\":\"https:\\\/\\\/dredy-praha.cz\\\/#organization\",\"name\":\"Liliia Dredy Praha\",\"alternateName\":\"Dredy Praha\",\"url\":\"https:\\\/\\\/dredy-praha.cz\\\/\",\"logo\":{\"@type\":\"ImageObject\",\"inLanguage\":\"ru-RU\",\"@id\":\"https:\\\/\\\/dredy-praha.cz\\\/#\\\/schema\\\/logo\\\/image\\\/\",\"url\":\"https:\\\/\\\/dredy-praha.cz\\\/wp-content\\\/uploads\\\/2024\\\/07\\\/lilie-dredy-logo-512.png\",\"contentUrl\":\"https:\\\/\\\/dredy-praha.cz\\\/wp-content\\\/uploads\\\/2024\\\/07\\\/lilie-dredy-logo-512.png\",\"width\":512,\"height\":512,\"caption\":\"Liliia Dredy Praha\"},\"image\":{\"@id\":\"https:\\\/\\\/dredy-praha.cz\\\/#\\\/schema\\\/logo\\\/image\\\/\"},\"sameAs\":[\"https:\\\/\\\/www.instagram.com\\\/liliiadreads\\\/\"]}]}<\/script>\n<!-- \/ Yoast SEO plugin. -->","yoast_head_json":{"title":"M\u016fj \u00fa\u010det - Liliia Dredy Praha","robots":{"index":"index","follow":"follow","max-snippet":"max-snippet:-1","max-image-preview":"max-image-preview:large","max-video-preview":"max-video-preview:-1"},"canonical":"https:\/\/dredy-praha.cz\/ru\/muj-ucet\/","og_locale":"ru_RU","og_type":"article","og_title":"M\u016fj \u00fa\u010det - Liliia Dredy Praha","og_url":"https:\/\/dredy-praha.cz\/ru\/muj-ucet\/","og_site_name":"Liliia Dredy Praha","twitter_card":"summary_large_image","schema":{"@context":"https:\/\/schema.org","@graph":[{"@type":"WebPage","@id":"https:\/\/dredy-praha.cz\/muj-ucet\/","url":"https:\/\/dredy-praha.cz\/muj-ucet\/","name":"M\u016fj \u00fa\u010det - Liliia Dredy Praha","isPartOf":{"@id":"https:\/\/dredy-praha.cz\/#website"},"datePublished":"2024-11-15T12:29:53+00:00","breadcrumb":{"@id":"https:\/\/dredy-praha.cz\/muj-ucet\/#breadcrumb"},"inLanguage":"ru-RU","potentialAction":[{"@type":"ReadAction","target":["https:\/\/dredy-praha.cz\/muj-ucet\/"]}]},{"@type":"BreadcrumbList","@id":"https:\/\/dredy-praha.cz\/muj-ucet\/#breadcrumb","itemListElement":[{"@type":"ListItem","position":1,"name":"Home","item":"https:\/\/dredy-praha.cz\/"},{"@type":"ListItem","position":2,"name":"M\u016fj \u00fa\u010det"}]},{"@type":"WebSite","@id":"https:\/\/dredy-praha.cz\/#website","url":"https:\/\/dredy-praha.cz\/","name":"Liliia Dredy Praha","description":"Studio Liliia Dredy Praha","publisher":{"@id":"https:\/\/dredy-praha.cz\/#organization"},"alternateName":"Dredy Praha","potentialAction":[{"@type":"SearchAction","target":{"@type":"EntryPoint","urlTemplate":"https:\/\/dredy-praha.cz\/?s={search_term_string}"},"query-input":{"@type":"PropertyValueSpecification","valueRequired":true,"valueName":"search_term_string"}}],"inLanguage":"ru-RU"},{"@type":"Organization","@id":"https:\/\/dredy-praha.cz\/#organization","name":"Liliia Dredy Praha","alternateName":"Dredy Praha","url":"https:\/\/dredy-praha.cz\/","logo":{"@type":"ImageObject","inLanguage":"ru-RU","@id":"https:\/\/dredy-praha.cz\/#\/schema\/logo\/image\/","url":"https:\/\/dredy-praha.cz\/wp-content\/uploads\/2024\/07\/lilie-dredy-logo-512.png","contentUrl":"https:\/\/dredy-praha.cz\/wp-content\/uploads\/2024\/07\/lilie-dredy-logo-512.png","width":512,"height":512,"caption":"Liliia Dredy Praha"},"image":{"@id":"https:\/\/dredy-praha.cz\/#\/schema\/logo\/image\/"},"sameAs":["https:\/\/www.instagram.com\/liliiadreads\/"]}]}},"_links":{"self":[{"href":"https:\/\/dredy-praha.cz\/ru\/wp-json\/wp\/v2\/pages\/2695","targetHints":{"allow":["GET"]}}],"collection":[{"href":"https:\/\/dredy-praha.cz\/ru\/wp-json\/wp\/v2\/pages"}],"about":[{"href":"https:\/\/dredy-praha.cz\/ru\/wp-json\/wp\/v2\/types\/page"}],"author":[{"embeddable":true,"href":"https:\/\/dredy-praha.cz\/ru\/wp-json\/wp\/v2\/users\/1"}],"replies":[{"embeddable":true,"href":"https:\/\/dredy-praha.cz\/ru\/wp-json\/wp\/v2\/comments?post=2695"}],"version-history":[{"count":0,"href":"https:\/\/dredy-praha.cz\/ru\/wp-json\/wp\/v2\/pages\/2695\/revisions"}],"wp:attachment":[{"href":"https:\/\/dredy-praha.cz\/ru\/wp-json\/wp\/v2\/media?parent=2695"}],"curies":[{"name":"wp","href":"https:\/\/api.w.org\/{rel}","templated":true}]}}