{"id":2693,"date":"2024-11-15T14:29:53","date_gmt":"2024-11-15T12:29:53","guid":{"rendered":"https:\/\/dredy-praha.cz\/kosik\/"},"modified":"2024-11-17T23:00:46","modified_gmt":"2024-11-17T21:00:46","slug":"kosik","status":"publish","type":"page","link":"https:\/\/dredy-praha.cz\/ru\/kosik\/","title":{"rendered":"Ko\u0161\u00edk"},"content":{"rendered":"<div data-block-name=\"woocommerce\/cart\" class=\"wp-block-woocommerce-cart alignwide is-loading\">\n<div data-block-name=\"woocommerce\/filled-cart-block\" class=\"wp-block-woocommerce-filled-cart-block\">\n<div data-block-name=\"woocommerce\/cart-items-block\" class=\"wp-block-woocommerce-cart-items-block\">\n<div data-block-name=\"woocommerce\/cart-line-items-block\" class=\"wp-block-woocommerce-cart-line-items-block\"><\/div>\n\n\n\n<div data-block-name=\"woocommerce\/cart-cross-sells-block\" class=\"wp-block-woocommerce-cart-cross-sells-block\">\n<h2 class=\"wp-block-heading has-large-font-size\">Mohlo by se Ti l\u00edbit\u2026<\/h2>\n\n\n\n<div data-block-name=\"woocommerce\/cart-cross-sells-products-block\" class=\"wp-block-woocommerce-cart-cross-sells-products-block\"><\/div>\n<\/div>\n<\/div>\n\n\n\n<div data-block-name=\"woocommerce\/cart-totals-block\" class=\"wp-block-woocommerce-cart-totals-block\">\n<div data-block-name=\"woocommerce\/cart-order-summary-block\" class=\"wp-block-woocommerce-cart-order-summary-block\">\n<div data-block-name=\"woocommerce\/cart-order-summary-heading-block\" class=\"wp-block-woocommerce-cart-order-summary-heading-block\"><\/div><div data-block-name=\"woocommerce\/cart-order-summary-coupon-form-block\" class=\"wp-block-woocommerce-cart-order-summary-coupon-form-block\"><\/div><div data-block-name=\"woocommerce\/cart-order-summary-totals-block\" class=\"wp-block-woocommerce-cart-order-summary-totals-block\">\n<div data-block-name=\"woocommerce\/cart-order-summary-subtotal-block\" class=\"wp-block-woocommerce-cart-order-summary-subtotal-block\"><\/div>\n<div data-block-name=\"woocommerce\/cart-order-summary-discount-block\" class=\"wp-block-woocommerce-cart-order-summary-discount-block\"><\/div>\n<div data-block-name=\"woocommerce\/cart-order-summary-fee-block\" class=\"wp-block-woocommerce-cart-order-summary-fee-block\"><\/div>\n<div data-block-name=\"woocommerce\/cart-order-summary-shipping-block\" class=\"wp-block-woocommerce-cart-order-summary-shipping-block\"><\/div>\n<div data-block-name=\"woocommerce\/cart-order-summary-taxes-block\" class=\"wp-block-woocommerce-cart-order-summary-taxes-block\"><\/div><\/div>\n<\/div>\n\n\n\n<div data-block-name=\"woocommerce\/cart-express-payment-block\" class=\"wp-block-woocommerce-cart-express-payment-block\"><\/div>\n\n\n\n<div data-block-name=\"woocommerce\/proceed-to-checkout-block\" class=\"wp-block-woocommerce-proceed-to-checkout-block\"><\/div>\n\n\n\n<div data-block-name=\"woocommerce\/cart-accepted-payment-methods-block\" class=\"wp-block-woocommerce-cart-accepted-payment-methods-block\"><\/div>\n<\/div>\n<\/div>\n\n\n\n<div data-block-name=\"woocommerce\/empty-cart-block\" class=\"wp-block-woocommerce-empty-cart-block\">\n<h2 class=\"wp-block-heading has-text-align-center with-empty-cart-icon wc-block-cart__empty-cart__title\">V\u00e1\u0161 ko\u0161\u00edk je aktu\u00e1ln\u011b pr\u00e1zdn\u00fd!<\/h2>\n\n\n\n<hr class=\"wp-block-separator has-alpha-channel-opacity is-style-dots\"\/>\n\n\n\n<h2 class=\"wp-block-heading has-text-align-center\">Novinka<\/h2>\n\n\n<div data-block-name=\"woocommerce\/product-new\" data-columns=\"4\" data-rows=\"1\" class=\"wc-block-grid wp-block-product-new wp-block-woocommerce-product-new wc-block-product-new has-4-columns\"><ul class=\"wc-block-grid__products\"><li class=\"wc-block-grid__product\">\n\t\t\t\t<a href=\"https:\/\/dredy-praha.cz\/ru\/product\/spray-antiseptique\/\" class=\"wc-block-grid__product-link\">\n\t\t\t\t\t\n\t\t\t\t\t<div class=\"wc-block-grid__product-image\"><img loading=\"lazy\" decoding=\"async\" width=\"237\" height=\"300\" src=\"https:\/\/dredy-praha.cz\/wp-content\/uploads\/2024\/11\/luna-vlasova-voda-lopuch-e1731882315618-237x300.jpg\" class=\"attachment-woocommerce_thumbnail size-woocommerce_thumbnail\" alt=\"Lopuchova voda | \u041b\u043e\u043f\u0443\u0445\u043e\u0432\u0430\u044f \u0432\u043e\u0434\u0430\" \/><\/div>\n\t\t\t\t\t<div class=\"wc-block-grid__product-title\">\u041b\u043e\u043f\u0443\u0445\u043e\u0432\u0430\u044f \u0432\u043e\u0434\u0430<\/div>\n\t\t\t\t<\/a>\n\t\t\t\t<div class=\"wc-block-grid__product-price price\"><span class=\"woocommerce-Price-amount amount\">100,00&nbsp;<span class=\"woocommerce-Price-currencySymbol\">&#075;&#269;<\/span><\/span><\/div>\n\t\t\t\t\n\t\t\t\t<div class=\"wp-block-button wc-block-grid__product-add-to-cart\"><a href=\"\/ru\/wp-json\/wp\/v2\/pages\/2693?add-to-cart=2698\" aria-label=\"\u0414\u043e\u0431\u0430\u0432\u0438\u0442\u044c \u0432 \u043a\u043e\u0440\u0437\u0438\u043d\u0443 \u201cLopuchova voda | \u041b\u043e\u043f\u0443\u0445\u043e\u0432\u0430\u044f \u0432\u043e\u0434\u0430\u201d\" data-quantity=\"1\" data-product_id=\"2698\" data-product_sku=\"\" data-price=\"100\" rel=\"nofollow\" class=\"wp-block-button__link wp-element-button add_to_cart_button ajax_add_to_cart\" data-no-translation=\"\" data-trp-gettext=\"\" data-no-translation-aria-label=\"\">\u0412 \u043a\u043e\u0440\u0437\u0438\u043d\u0443<\/a><\/div>\n\t\t\t<\/li><\/ul><\/div><\/div>\n<\/div>","protected":false},"excerpt":{"rendered":"","protected":false},"author":1,"featured_media":0,"parent":0,"menu_order":0,"comment_status":"closed","ping_status":"closed","template":"","meta":{"_gspb_post_css":"","_vp_format_video_url":"","_vp_image_focal_point":[],"footnotes":""},"class_list":["post-2693","page","type-page","status-publish","hentry"],"yoast_head":"<!-- This site is optimized with the Yoast SEO plugin v27.4 - https:\/\/yoast.com\/product\/yoast-seo-wordpress\/ -->\n<title>Ko\u0161\u00edk - Liliia Dredy Praha<\/title>\n<meta name=\"robots\" content=\"index, follow, max-snippet:-1, max-image-preview:large, max-video-preview:-1\" \/>\n<link rel=\"canonical\" href=\"https:\/\/dredy-praha.cz\/ru\/kosik\/\" \/>\n<meta property=\"og:locale\" content=\"ru_RU\" \/>\n<meta property=\"og:type\" content=\"article\" \/>\n<meta property=\"og:title\" content=\"Ko\u0161\u00edk - Liliia Dredy Praha\" \/>\n<meta property=\"og:url\" content=\"https:\/\/dredy-praha.cz\/ru\/kosik\/\" \/>\n<meta property=\"og:site_name\" content=\"Liliia Dredy Praha\" \/>\n<meta property=\"article:modified_time\" content=\"2024-11-17T21:00:46+00:00\" \/>\n<meta name=\"twitter:card\" content=\"summary_large_image\" \/>\n<script type=\"application\/ld+json\" class=\"yoast-schema-graph\">{\"@context\":\"https:\\\/\\\/schema.org\",\"@graph\":[{\"@type\":\"WebPage\",\"@id\":\"https:\\\/\\\/dredy-praha.cz\\\/kosik\\\/\",\"url\":\"https:\\\/\\\/dredy-praha.cz\\\/kosik\\\/\",\"name\":\"Ko\u0161\u00edk - Liliia Dredy Praha\",\"isPartOf\":{\"@id\":\"https:\\\/\\\/dredy-praha.cz\\\/#website\"},\"datePublished\":\"2024-11-15T12:29:53+00:00\",\"dateModified\":\"2024-11-17T21:00:46+00:00\",\"breadcrumb\":{\"@id\":\"https:\\\/\\\/dredy-praha.cz\\\/kosik\\\/#breadcrumb\"},\"inLanguage\":\"ru-RU\",\"potentialAction\":[{\"@type\":\"ReadAction\",\"target\":[\"https:\\\/\\\/dredy-praha.cz\\\/kosik\\\/\"]}]},{\"@type\":\"BreadcrumbList\",\"@id\":\"https:\\\/\\\/dredy-praha.cz\\\/kosik\\\/#breadcrumb\",\"itemListElement\":[{\"@type\":\"ListItem\",\"position\":1,\"name\":\"Home\",\"item\":\"https:\\\/\\\/dredy-praha.cz\\\/\"},{\"@type\":\"ListItem\",\"position\":2,\"name\":\"Ko\u0161\u00edk\"}]},{\"@type\":\"WebSite\",\"@id\":\"https:\\\/\\\/dredy-praha.cz\\\/#website\",\"url\":\"https:\\\/\\\/dredy-praha.cz\\\/\",\"name\":\"Liliia Dredy Praha\",\"description\":\"Studio Liliia Dredy Praha\",\"publisher\":{\"@id\":\"https:\\\/\\\/dredy-praha.cz\\\/#organization\"},\"alternateName\":\"Dredy Praha\",\"potentialAction\":[{\"@type\":\"SearchAction\",\"target\":{\"@type\":\"EntryPoint\",\"urlTemplate\":\"https:\\\/\\\/dredy-praha.cz\\\/?s={search_term_string}\"},\"query-input\":{\"@type\":\"PropertyValueSpecification\",\"valueRequired\":true,\"valueName\":\"search_term_string\"}}],\"inLanguage\":\"ru-RU\"},{\"@type\":\"Organization\",\"@id\":\"https:\\\/\\\/dredy-praha.cz\\\/#organization\",\"name\":\"Liliia Dredy Praha\",\"alternateName\":\"Dredy Praha\",\"url\":\"https:\\\/\\\/dredy-praha.cz\\\/\",\"logo\":{\"@type\":\"ImageObject\",\"inLanguage\":\"ru-RU\",\"@id\":\"https:\\\/\\\/dredy-praha.cz\\\/#\\\/schema\\\/logo\\\/image\\\/\",\"url\":\"https:\\\/\\\/dredy-praha.cz\\\/wp-content\\\/uploads\\\/2024\\\/07\\\/lilie-dredy-logo-512.png\",\"contentUrl\":\"https:\\\/\\\/dredy-praha.cz\\\/wp-content\\\/uploads\\\/2024\\\/07\\\/lilie-dredy-logo-512.png\",\"width\":512,\"height\":512,\"caption\":\"Liliia Dredy Praha\"},\"image\":{\"@id\":\"https:\\\/\\\/dredy-praha.cz\\\/#\\\/schema\\\/logo\\\/image\\\/\"},\"sameAs\":[\"https:\\\/\\\/www.instagram.com\\\/liliiadreads\\\/\"]}]}<\/script>\n<!-- \/ Yoast SEO plugin. -->","yoast_head_json":{"title":"Ko\u0161\u00edk - Liliia Dredy Praha","robots":{"index":"index","follow":"follow","max-snippet":"max-snippet:-1","max-image-preview":"max-image-preview:large","max-video-preview":"max-video-preview:-1"},"canonical":"https:\/\/dredy-praha.cz\/ru\/kosik\/","og_locale":"ru_RU","og_type":"article","og_title":"Ko\u0161\u00edk - Liliia Dredy Praha","og_url":"https:\/\/dredy-praha.cz\/ru\/kosik\/","og_site_name":"Liliia Dredy Praha","article_modified_time":"2024-11-17T21:00:46+00:00","twitter_card":"summary_large_image","schema":{"@context":"https:\/\/schema.org","@graph":[{"@type":"WebPage","@id":"https:\/\/dredy-praha.cz\/kosik\/","url":"https:\/\/dredy-praha.cz\/kosik\/","name":"Ko\u0161\u00edk - Liliia Dredy Praha","isPartOf":{"@id":"https:\/\/dredy-praha.cz\/#website"},"datePublished":"2024-11-15T12:29:53+00:00","dateModified":"2024-11-17T21:00:46+00:00","breadcrumb":{"@id":"https:\/\/dredy-praha.cz\/kosik\/#breadcrumb"},"inLanguage":"ru-RU","potentialAction":[{"@type":"ReadAction","target":["https:\/\/dredy-praha.cz\/kosik\/"]}]},{"@type":"BreadcrumbList","@id":"https:\/\/dredy-praha.cz\/kosik\/#breadcrumb","itemListElement":[{"@type":"ListItem","position":1,"name":"Home","item":"https:\/\/dredy-praha.cz\/"},{"@type":"ListItem","position":2,"name":"Ko\u0161\u00edk"}]},{"@type":"WebSite","@id":"https:\/\/dredy-praha.cz\/#website","url":"https:\/\/dredy-praha.cz\/","name":"Liliia Dredy Praha","description":"Studio Liliia Dredy Praha","publisher":{"@id":"https:\/\/dredy-praha.cz\/#organization"},"alternateName":"Dredy Praha","potentialAction":[{"@type":"SearchAction","target":{"@type":"EntryPoint","urlTemplate":"https:\/\/dredy-praha.cz\/?s={search_term_string}"},"query-input":{"@type":"PropertyValueSpecification","valueRequired":true,"valueName":"search_term_string"}}],"inLanguage":"ru-RU"},{"@type":"Organization","@id":"https:\/\/dredy-praha.cz\/#organization","name":"Liliia Dredy Praha","alternateName":"Dredy Praha","url":"https:\/\/dredy-praha.cz\/","logo":{"@type":"ImageObject","inLanguage":"ru-RU","@id":"https:\/\/dredy-praha.cz\/#\/schema\/logo\/image\/","url":"https:\/\/dredy-praha.cz\/wp-content\/uploads\/2024\/07\/lilie-dredy-logo-512.png","contentUrl":"https:\/\/dredy-praha.cz\/wp-content\/uploads\/2024\/07\/lilie-dredy-logo-512.png","width":512,"height":512,"caption":"Liliia Dredy Praha"},"image":{"@id":"https:\/\/dredy-praha.cz\/#\/schema\/logo\/image\/"},"sameAs":["https:\/\/www.instagram.com\/liliiadreads\/"]}]}},"_links":{"self":[{"href":"https:\/\/dredy-praha.cz\/ru\/wp-json\/wp\/v2\/pages\/2693","targetHints":{"allow":["GET"]}}],"collection":[{"href":"https:\/\/dredy-praha.cz\/ru\/wp-json\/wp\/v2\/pages"}],"about":[{"href":"https:\/\/dredy-praha.cz\/ru\/wp-json\/wp\/v2\/types\/page"}],"author":[{"embeddable":true,"href":"https:\/\/dredy-praha.cz\/ru\/wp-json\/wp\/v2\/users\/1"}],"replies":[{"embeddable":true,"href":"https:\/\/dredy-praha.cz\/ru\/wp-json\/wp\/v2\/comments?post=2693"}],"version-history":[{"count":1,"href":"https:\/\/dredy-praha.cz\/ru\/wp-json\/wp\/v2\/pages\/2693\/revisions"}],"predecessor-version":[{"id":2697,"href":"https:\/\/dredy-praha.cz\/ru\/wp-json\/wp\/v2\/pages\/2693\/revisions\/2697"}],"wp:attachment":[{"href":"https:\/\/dredy-praha.cz\/ru\/wp-json\/wp\/v2\/media?parent=2693"}],"curies":[{"name":"wp","href":"https:\/\/api.w.org\/{rel}","templated":true}]}}