{"id":2178,"date":"2024-08-03T23:47:55","date_gmt":"2024-08-03T21:47:55","guid":{"rendered":"https:\/\/dredy-praha.cz\/?page_id=2178"},"modified":"2025-11-20T14:28:34","modified_gmt":"2025-11-20T13:28:34","slug":"kontakt","status":"publish","type":"page","link":"https:\/\/dredy-praha.cz\/ru\/kontakt\/","title":{"rendered":"\u041a\u043e\u043d\u0442\u0430\u043a\u0442\u044b"},"content":{"rendered":"\n<div class=\"wp-block-cover alignfull is-style-default\"><img loading=\"lazy\" decoding=\"async\" width=\"2400\" height=\"1350\" class=\"wp-block-cover__image-background wp-image-2537\" alt=\"No\u010dn\u00ed Praha. Kaple.\" src=\"https:\/\/dredy-praha.cz\/wp-content\/uploads\/2024\/08\/night-prague-2024.webp\" data-object-fit=\"cover\" srcset=\"https:\/\/dredy-praha.cz\/wp-content\/uploads\/2024\/08\/night-prague-2024.webp 2400w, https:\/\/dredy-praha.cz\/wp-content\/uploads\/2024\/08\/night-prague-2024-300x169.webp 300w, https:\/\/dredy-praha.cz\/wp-content\/uploads\/2024\/08\/night-prague-2024-1024x576.webp 1024w, https:\/\/dredy-praha.cz\/wp-content\/uploads\/2024\/08\/night-prague-2024-768x432.webp 768w, https:\/\/dredy-praha.cz\/wp-content\/uploads\/2024\/08\/night-prague-2024-1536x864.webp 1536w, https:\/\/dredy-praha.cz\/wp-content\/uploads\/2024\/08\/night-prague-2024-2048x1152.webp 2048w\" sizes=\"auto, (max-width: 2400px) 100vw, 2400px\" \/><span aria-hidden=\"true\" class=\"wp-block-cover__background has-main-background-color has-background-dim-70 has-background-dim\"><\/span><div class=\"wp-block-cover__inner-container has-global-padding is-layout-constrained wp-block-cover-is-layout-constrained\">\n<div class=\"wp-block-group has-global-padding is-layout-constrained wp-block-group-is-layout-constrained\">\n<h1 class=\"wp-block-heading has-medium-font-size\">Kontakt<\/h1>\n\n\n\n<hr class=\"wp-block-separator has-text-color has-secondary-color has-alpha-channel-opacity has-secondary-background-color has-background is-style-separator-dotted\"\/>\n\n\n\n<figure class=\"wp-block-image size-large is-resized\"><img loading=\"lazy\" decoding=\"async\" width=\"768\" height=\"1024\" src=\"https:\/\/dredy-praha.cz\/wp-content\/uploads\/2025\/11\/liliia-basarab-about-768x1024.webp\" alt=\"\" class=\"wp-image-2907\" style=\"width:375px;height:auto\" srcset=\"https:\/\/dredy-praha.cz\/wp-content\/uploads\/2025\/11\/liliia-basarab-about-768x1024.webp 768w, https:\/\/dredy-praha.cz\/wp-content\/uploads\/2025\/11\/liliia-basarab-about-225x300.webp 225w, https:\/\/dredy-praha.cz\/wp-content\/uploads\/2025\/11\/liliia-basarab-about-9x12.webp 9w, https:\/\/dredy-praha.cz\/wp-content\/uploads\/2025\/11\/liliia-basarab-about-500x667.webp 500w, https:\/\/dredy-praha.cz\/wp-content\/uploads\/2025\/11\/liliia-basarab-about-800x1067.webp 800w, https:\/\/dredy-praha.cz\/wp-content\/uploads\/2025\/11\/liliia-basarab-about-600x800.webp 600w, https:\/\/dredy-praha.cz\/wp-content\/uploads\/2025\/11\/liliia-basarab-about.webp 1125w\" sizes=\"auto, (max-width: 768px) 100vw, 768px\" \/><\/figure>\n\n\n\n<p class=\"has-large-font-size\"><strong>Liliia Dredy Praha<\/strong><\/p>\n\n\n\n<p>\u0158\u00edmsk\u00e1 84\/10,<br>Praha 2, Vinohrady<br>120 00<\/p>\n\n\n\n<p class=\"has-base-color has-text-color has-link-color wp-elements-f90c7c79d6448d2948054777a53b37c4\"><a href=\"tel:420775931244\">+420 775 931 244<\/a><\/p>\n\n\n\n<ul class=\"wp-block-social-links has-visible-labels is-layout-flex wp-block-social-links-is-layout-flex\"><li class=\"wp-social-link wp-social-link-instagram  wp-block-social-link\"><a href=\"https:\/\/www.instagram.com\/liliiadreads\/\" class=\"wp-block-social-link-anchor\"><svg width=\"24\" height=\"24\" viewBox=\"0 0 24 24\" version=\"1.1\" xmlns=\"http:\/\/www.w3.org\/2000\/svg\" aria-hidden=\"true\" focusable=\"false\"><path d=\"M12,4.622c2.403,0,2.688,0.009,3.637,0.052c0.877,0.04,1.354,0.187,1.671,0.31c0.42,0.163,0.72,0.358,1.035,0.673 c0.315,0.315,0.51,0.615,0.673,1.035c0.123,0.317,0.27,0.794,0.31,1.671c0.043,0.949,0.052,1.234,0.052,3.637 s-0.009,2.688-0.052,3.637c-0.04,0.877-0.187,1.354-0.31,1.671c-0.163,0.42-0.358,0.72-0.673,1.035 c-0.315,0.315-0.615,0.51-1.035,0.673c-0.317,0.123-0.794,0.27-1.671,0.31c-0.949,0.043-1.233,0.052-3.637,0.052 s-2.688-0.009-3.637-0.052c-0.877-0.04-1.354-0.187-1.671-0.31c-0.42-0.163-0.72-0.358-1.035-0.673 c-0.315-0.315-0.51-0.615-0.673-1.035c-0.123-0.317-0.27-0.794-0.31-1.671C4.631,14.688,4.622,14.403,4.622,12 s0.009-2.688,0.052-3.637c0.04-0.877,0.187-1.354,0.31-1.671c0.163-0.42,0.358-0.72,0.673-1.035 c0.315-0.315,0.615-0.51,1.035-0.673c0.317-0.123,0.794-0.27,1.671-0.31C9.312,4.631,9.597,4.622,12,4.622 M12,3 C9.556,3,9.249,3.01,8.289,3.054C7.331,3.098,6.677,3.25,6.105,3.472C5.513,3.702,5.011,4.01,4.511,4.511 c-0.5,0.5-0.808,1.002-1.038,1.594C3.25,6.677,3.098,7.331,3.054,8.289C3.01,9.249,3,9.556,3,12c0,2.444,0.01,2.751,0.054,3.711 c0.044,0.958,0.196,1.612,0.418,2.185c0.23,0.592,0.538,1.094,1.038,1.594c0.5,0.5,1.002,0.808,1.594,1.038 c0.572,0.222,1.227,0.375,2.185,0.418C9.249,20.99,9.556,21,12,21s2.751-0.01,3.711-0.054c0.958-0.044,1.612-0.196,2.185-0.418 c0.592-0.23,1.094-0.538,1.594-1.038c0.5-0.5,0.808-1.002,1.038-1.594c0.222-0.572,0.375-1.227,0.418-2.185 C20.99,14.751,21,14.444,21,12s-0.01-2.751-0.054-3.711c-0.044-0.958-0.196-1.612-0.418-2.185c-0.23-0.592-0.538-1.094-1.038-1.594 c-0.5-0.5-1.002-0.808-1.594-1.038c-0.572-0.222-1.227-0.375-2.185-0.418C14.751,3.01,14.444,3,12,3L12,3z M12,7.378 c-2.552,0-4.622,2.069-4.622,4.622S9.448,16.622,12,16.622s4.622-2.069,4.622-4.622S14.552,7.378,12,7.378z M12,15 c-1.657,0-3-1.343-3-3s1.343-3,3-3s3,1.343,3,3S13.657,15,12,15z M16.804,6.116c-0.596,0-1.08,0.484-1.08,1.08 s0.484,1.08,1.08,1.08c0.596,0,1.08-0.484,1.08-1.08S17.401,6.116,16.804,6.116z\"><\/path><\/svg><span class=\"wp-block-social-link-label\">Instagram<\/span><\/a><\/li>\n\n<li class=\"wp-social-link wp-social-link-whatsapp  wp-block-social-link\"><a href=\"https:\/\/wa.me\/420775931244\" class=\"wp-block-social-link-anchor\"><svg width=\"24\" height=\"24\" viewBox=\"0 0 24 24\" version=\"1.1\" xmlns=\"http:\/\/www.w3.org\/2000\/svg\" aria-hidden=\"true\" focusable=\"false\"><path d=\"M 12.011719 2 C 6.5057187 2 2.0234844 6.478375 2.0214844 11.984375 C 2.0204844 13.744375 2.4814687 15.462563 3.3554688 16.976562 L 2 22 L 7.2324219 20.763672 C 8.6914219 21.559672 10.333859 21.977516 12.005859 21.978516 L 12.009766 21.978516 C 17.514766 21.978516 21.995047 17.499141 21.998047 11.994141 C 22.000047 9.3251406 20.962172 6.8157344 19.076172 4.9277344 C 17.190172 3.0407344 14.683719 2.001 12.011719 2 z M 12.009766 4 C 14.145766 4.001 16.153109 4.8337969 17.662109 6.3417969 C 19.171109 7.8517969 20.000047 9.8581875 19.998047 11.992188 C 19.996047 16.396187 16.413812 19.978516 12.007812 19.978516 C 10.674812 19.977516 9.3544062 19.642812 8.1914062 19.007812 L 7.5175781 18.640625 L 6.7734375 18.816406 L 4.8046875 19.28125 L 5.2851562 17.496094 L 5.5019531 16.695312 L 5.0878906 15.976562 C 4.3898906 14.768562 4.0204844 13.387375 4.0214844 11.984375 C 4.0234844 7.582375 7.6067656 4 12.009766 4 z M 8.4765625 7.375 C 8.3095625 7.375 8.0395469 7.4375 7.8105469 7.6875 C 7.5815469 7.9365 6.9355469 8.5395781 6.9355469 9.7675781 C 6.9355469 10.995578 7.8300781 12.182609 7.9550781 12.349609 C 8.0790781 12.515609 9.68175 15.115234 12.21875 16.115234 C 14.32675 16.946234 14.754891 16.782234 15.212891 16.740234 C 15.670891 16.699234 16.690438 16.137687 16.898438 15.554688 C 17.106437 14.971687 17.106922 14.470187 17.044922 14.367188 C 16.982922 14.263188 16.816406 14.201172 16.566406 14.076172 C 16.317406 13.951172 15.090328 13.348625 14.861328 13.265625 C 14.632328 13.182625 14.464828 13.140625 14.298828 13.390625 C 14.132828 13.640625 13.655766 14.201187 13.509766 14.367188 C 13.363766 14.534188 13.21875 14.556641 12.96875 14.431641 C 12.71875 14.305641 11.914938 14.041406 10.960938 13.191406 C 10.218937 12.530406 9.7182656 11.714844 9.5722656 11.464844 C 9.4272656 11.215844 9.5585938 11.079078 9.6835938 10.955078 C 9.7955938 10.843078 9.9316406 10.663578 10.056641 10.517578 C 10.180641 10.371578 10.223641 10.267562 10.306641 10.101562 C 10.389641 9.9355625 10.347156 9.7890625 10.285156 9.6640625 C 10.223156 9.5390625 9.737625 8.3065 9.515625 7.8125 C 9.328625 7.3975 9.131125 7.3878594 8.953125 7.3808594 C 8.808125 7.3748594 8.6425625 7.375 8.4765625 7.375 z\"><\/path><\/svg><span class=\"wp-block-social-link-label\">WhatsApp<\/span><\/a><\/li><\/ul>\n\n\n\n<p class=\"has-base-color has-text-color has-link-color wp-elements-a5fe0b6ea1d596c090720c7e3a8585f5\"><a href=\"mailto:liliia@dredy-praha.cz\">liliia@dredy-praha.cz<\/a><\/p>\n\n\n\n<hr class=\"wp-block-separator has-text-color has-secondary-color has-alpha-channel-opacity has-secondary-background-color has-background is-style-separator-dotted\"\/>\n\n\n\n<p class=\"has-base-color has-text-color has-link-color wp-elements-7d8e123d4ac5479dbe05dbdf47dd982e\">Raiffeisenbank: 7205196002\/5500<\/p>\n\n\n\n<hr class=\"wp-block-separator has-text-color has-secondary-color has-alpha-channel-opacity has-secondary-background-color has-background is-style-separator-dotted\"\/>\n\n\n\n<iframe src=\"https:\/\/www.google.com\/maps\/embed?pb=!1m18!1m12!1m3!1d2560.451702487181!2d14.430405176862898!3d50.07782927152343!2m3!1f0!2f0!3f0!3m2!1i1024!2i768!4f13.1!3m3!1m2!1s0x470b948e742314bb%3A0x1acbaeb7222e016!2zMTAsIMWYw61tc2vDoSA4NCwgMTIwIDAwIFZpbm9ocmFkeQ!5e0!3m2!1sru!2scz!4v1761308647318!5m2!1sru!2scz\" width=\"600\" height=\"450\" style=\"border:0;\" allowfullscreen=\"\" loading=\"lazy\" referrerpolicy=\"no-referrer-when-downgrade\"><\/iframe>\n\n\n\n<hr class=\"wp-block-separator has-text-color has-secondary-color has-alpha-channel-opacity has-secondary-background-color has-background is-style-separator-dotted\"\/>\n\n\n<style id=\"wpforms-css-vars-2675-block-4e1c460a-dc4c-4d58-9387-59f80e91d685\">\n\t\t\t\t#wpforms-2675.wpforms-block-4e1c460a-dc4c-4d58-9387-59f80e91d685 {\n\t\t\t\t--wpforms-label-color: #fff;\n--wpforms-label-sublabel-color: #fff;\n--wpforms-label-error-color: #ff0000;\n--wpforms-page-break-color: #dddddd;\n--wpforms-field-border-radius: 0px;\n--wpforms-field-border-color: #cccccc;\n--wpforms-field-border-color-spare: #cccccc;\n--wpforms-field-text-color: #14111f;\n--wpforms-button-border-style: solid;\n--wpforms-button-border-radius: 0px;\n--wpforms-button-background-color: #dddddd;\n--wpforms-button-text-color: #666666;\n--wpforms-button-border-color: #cccccc;\n--wpforms-field-size-input-height: 43px;\n--wpforms-field-size-input-spacing: 15px;\n--wpforms-field-size-font-size: 16px;\n--wpforms-field-size-line-height: 19px;\n--wpforms-field-size-padding-h: 14px;\n--wpforms-field-size-checkbox-size: 16px;\n--wpforms-field-size-sublabel-spacing: 5px;\n--wpforms-field-size-icon-size: 1;\n--wpforms-label-size-font-size: 14px;\n--wpforms-label-size-line-height: 17px;\n--wpforms-label-size-sublabel-font-size: 13px;\n--wpforms-label-size-sublabel-line-height: 16px;\n--wpforms-button-size-font-size: 17px;\n--wpforms-button-size-height: 41px;\n--wpforms-button-size-padding-h: 15px;\n--wpforms-button-size-margin-top: 10px;\n\t\t\t}\n\t\t\t<\/style><div class=\"wpforms-container wpforms-container-full wpforms-block wpforms-block-4e1c460a-dc4c-4d58-9387-59f80e91d685 wpforms-render-modern\" id=\"wpforms-2675\"><form id=\"wpforms-form-2675\" class=\"wpforms-validate wpforms-form wpforms-ajax-form\" data-formid=\"2675\" method=\"post\" enctype=\"multipart\/form-data\" action=\"\/ru\/wp-json\/wp\/v2\/pages\/2178\" data-token=\"90cccd4bbd7b752f8223a8bd40a51bd9\" data-token-time=\"1776486998\"><noscript class=\"wpforms-error-noscript\">\u0414\u043b\u044f \u0437\u0430\u043f\u043e\u043b\u043d\u0435\u043d\u0438\u044f \u0434\u0430\u043d\u043d\u043e\u0439 \u0444\u043e\u0440\u043c\u044b \u0432\u043a\u043b\u044e\u0447\u0438\u0442\u0435 JavaScript \u0432 \u0431\u0440\u0430\u0443\u0437\u0435\u0440\u0435.<\/noscript><div id=\"wpforms-error-noscript\" style=\"display: none;\">\u0414\u043b\u044f \u0437\u0430\u043f\u043e\u043b\u043d\u0435\u043d\u0438\u044f \u0434\u0430\u043d\u043d\u043e\u0439 \u0444\u043e\u0440\u043c\u044b \u0432\u043a\u043b\u044e\u0447\u0438\u0442\u0435 JavaScript \u0432 \u0431\u0440\u0430\u0443\u0437\u0435\u0440\u0435.<\/div><div class=\"wpforms-field-container\"><div id=\"wpforms-2675-field_1-container\" class=\"wpforms-field wpforms-field-name\" data-field-id=\"1\"><fieldset><legend class=\"wpforms-field-label\">Vy jste <span class=\"wpforms-required-label\" aria-hidden=\"true\">*<\/span><\/legend><div class=\"wpforms-field-row wpforms-field-medium\"><div class=\"wpforms-field-row-block wpforms-first wpforms-one-half\"><input type=\"text\" id=\"wpforms-2675-field_1\" class=\"wpforms-field-name-first wpforms-field-required\" name=\"wpforms[fields][1][first]\" aria-errormessage=\"wpforms-2675-field_1-error\" required><label for=\"wpforms-2675-field_1\" class=\"wpforms-field-sublabel after\">\u0418\u043c\u044f<\/label><\/div><div class=\"wpforms-field-row-block wpforms-one-half\"><input type=\"text\" id=\"wpforms-2675-field_1-last\" class=\"wpforms-field-name-last wpforms-field-required\" name=\"wpforms[fields][1][last]\" aria-errormessage=\"wpforms-2675-field_1-last-error\" required><label for=\"wpforms-2675-field_1-last\" class=\"wpforms-field-sublabel after\">\u0424\u0430\u043c\u0438\u043b\u0438\u044f<\/label><\/div><\/div><\/fieldset><\/div>\t\t<div id=\"wpforms-2675-field_4-container\"\n\t\t\tclass=\"wpforms-field wpforms-field-text\"\n\t\t\tdata-field-type=\"text\"\n\t\t\tdata-field-id=\"4\"\n\t\t\t>\n\t\t\t<label class=\"wpforms-field-label\" for=\"wpforms-2675-field_4\" >nebo Email koment\u00e1\u0159<\/label>\n\t\t\t<input type=\"text\" id=\"wpforms-2675-field_4\" class=\"wpforms-field-medium\" name=\"wpforms[fields][4]\" >\n\t\t<\/div>\n\t\t<div id=\"wpforms-2675-field_2-container\" class=\"wpforms-field wpforms-field-email\" data-field-id=\"2\"><label class=\"wpforms-field-label\" for=\"wpforms-2675-field_2\">Email <span class=\"wpforms-required-label\" aria-hidden=\"true\">*<\/span><\/label><input type=\"email\" id=\"wpforms-2675-field_2\" class=\"wpforms-field-medium wpforms-field-required\" name=\"wpforms[fields][2]\" spellcheck=\"false\" aria-errormessage=\"wpforms-2675-field_2-error\" required><\/div><div id=\"wpforms-2675-field_3-container\" class=\"wpforms-field wpforms-field-textarea\" data-field-id=\"3\"><label class=\"wpforms-field-label\" for=\"wpforms-2675-field_3\">Dotaz nebo koment\u00e1\u0159<\/label><textarea id=\"wpforms-2675-field_3\" class=\"wpforms-field-medium\" name=\"wpforms[fields][3]\" aria-errormessage=\"wpforms-2675-field_3-error\" ><\/textarea><\/div><script>\n\t\t\t\t( function() {\n\t\t\t\t\tconst style = document.createElement( 'style' );\n\t\t\t\t\tstyle.appendChild( document.createTextNode( '#wpforms-2675-field_4-container { position: absolute !important; overflow: hidden !important; display: inline !important; height: 1px !important; width: 1px !important; z-index: -1000 !important; padding: 0 !important; } #wpforms-2675-field_4-container input { visibility: hidden; } #wpforms-conversational-form-page #wpforms-2675-field_4-container label { counter-increment: none; }' ) );\n\t\t\t\t\tdocument.head.appendChild( style );\n\t\t\t\t\tdocument.currentScript?.remove();\n\t\t\t\t} )();\n\t\t\t<\/script><\/div><!-- .wpforms-field-container --><div class=\"wpforms-submit-container\" ><input type=\"hidden\" name=\"wpforms[id]\" value=\"2675\"><input type=\"hidden\" name=\"page_title\" value=\"\"><input type=\"hidden\" name=\"page_url\" value=\"https:\/\/dredy-praha.cz\/ru\/wp-json\/wp\/v2\/pages\/2178\"><input type=\"hidden\" name=\"url_referer\" value=\"\"><button type=\"submit\" name=\"wpforms[submit]\" id=\"wpforms-submit-2675\" class=\"wpforms-submit\" data-alt-text=\"Odes\u00edl\u00e1n\u00ed...\" data-submit-text=\"Odeslat\" aria-live=\"assertive\" value=\"wpforms-submit\">Odeslat<\/button><img loading=\"lazy\" decoding=\"async\" src=\"https:\/\/dredy-praha.cz\/wp-content\/plugins\/wpforms-lite\/assets\/images\/submit-spin.svg\" class=\"wpforms-submit-spinner\" style=\"display: none;\" width=\"26\" height=\"26\" alt=\"\u0417\u0430\u0433\u0440\u0443\u0437\u043a\u0430\"><\/div><\/form><\/div>  <!-- .wpforms-container --><\/div>\n<\/div><\/div>\n","protected":false},"excerpt":{"rendered":"","protected":false},"author":1,"featured_media":0,"parent":0,"menu_order":0,"comment_status":"closed","ping_status":"closed","template":"page-no-title","meta":{"_gspb_post_css":"","_vp_format_video_url":"","_vp_image_focal_point":[],"footnotes":""},"class_list":["post-2178","page","type-page","status-publish","hentry"],"yoast_head":"<!-- This site is optimized with the Yoast SEO plugin v27.4 - https:\/\/yoast.com\/product\/yoast-seo-wordpress\/ -->\n<title>Kontakt - Liliia Dredy Praha<\/title>\n<meta name=\"robots\" content=\"index, follow, max-snippet:-1, max-image-preview:large, max-video-preview:-1\" \/>\n<link rel=\"canonical\" href=\"https:\/\/dredy-praha.cz\/ru\/kontakt\/\" \/>\n<meta property=\"og:locale\" content=\"ru_RU\" \/>\n<meta property=\"og:type\" content=\"article\" \/>\n<meta property=\"og:title\" content=\"Kontakt - Liliia Dredy Praha\" \/>\n<meta property=\"og:url\" content=\"https:\/\/dredy-praha.cz\/ru\/kontakt\/\" \/>\n<meta property=\"og:site_name\" content=\"Liliia Dredy Praha\" \/>\n<meta property=\"article:modified_time\" content=\"2025-11-20T13:28:34+00:00\" \/>\n<meta property=\"og:image\" content=\"https:\/\/dredy-praha.cz\/wp-content\/uploads\/2024\/08\/night-prague-2024.webp\" \/>\n\t<meta property=\"og:image:width\" content=\"2400\" \/>\n\t<meta property=\"og:image:height\" content=\"1350\" \/>\n\t<meta property=\"og:image:type\" content=\"image\/webp\" \/>\n<meta name=\"twitter:card\" content=\"summary_large_image\" \/>\n<meta name=\"twitter:label1\" content=\"\u041f\u0440\u0438\u043c\u0435\u0440\u043d\u043e\u0435 \u0432\u0440\u0435\u043c\u044f \u0434\u043b\u044f \u0447\u0442\u0435\u043d\u0438\u044f\" \/>\n\t<meta name=\"twitter:data1\" content=\"1 \u043c\u0438\u043d\u0443\u0442\u0430\" \/>\n<script type=\"application\/ld+json\" class=\"yoast-schema-graph\">{\"@context\":\"https:\\\/\\\/schema.org\",\"@graph\":[{\"@type\":\"WebPage\",\"@id\":\"https:\\\/\\\/dredy-praha.cz\\\/kontakt\\\/\",\"url\":\"https:\\\/\\\/dredy-praha.cz\\\/kontakt\\\/\",\"name\":\"Kontakt - Liliia Dredy Praha\",\"isPartOf\":{\"@id\":\"https:\\\/\\\/dredy-praha.cz\\\/#website\"},\"primaryImageOfPage\":{\"@id\":\"https:\\\/\\\/dredy-praha.cz\\\/kontakt\\\/#primaryimage\"},\"image\":{\"@id\":\"https:\\\/\\\/dredy-praha.cz\\\/kontakt\\\/#primaryimage\"},\"thumbnailUrl\":\"https:\\\/\\\/dredy-praha.cz\\\/wp-content\\\/uploads\\\/2024\\\/08\\\/night-prague-2024.webp\",\"datePublished\":\"2024-08-03T21:47:55+00:00\",\"dateModified\":\"2025-11-20T13:28:34+00:00\",\"breadcrumb\":{\"@id\":\"https:\\\/\\\/dredy-praha.cz\\\/kontakt\\\/#breadcrumb\"},\"inLanguage\":\"ru-RU\",\"potentialAction\":[{\"@type\":\"ReadAction\",\"target\":[\"https:\\\/\\\/dredy-praha.cz\\\/kontakt\\\/\"]}]},{\"@type\":\"ImageObject\",\"inLanguage\":\"ru-RU\",\"@id\":\"https:\\\/\\\/dredy-praha.cz\\\/kontakt\\\/#primaryimage\",\"url\":\"https:\\\/\\\/dredy-praha.cz\\\/wp-content\\\/uploads\\\/2024\\\/08\\\/night-prague-2024.webp\",\"contentUrl\":\"https:\\\/\\\/dredy-praha.cz\\\/wp-content\\\/uploads\\\/2024\\\/08\\\/night-prague-2024.webp\"},{\"@type\":\"BreadcrumbList\",\"@id\":\"https:\\\/\\\/dredy-praha.cz\\\/kontakt\\\/#breadcrumb\",\"itemListElement\":[{\"@type\":\"ListItem\",\"position\":1,\"name\":\"Home\",\"item\":\"https:\\\/\\\/dredy-praha.cz\\\/\"},{\"@type\":\"ListItem\",\"position\":2,\"name\":\"Kontakt\"}]},{\"@type\":\"WebSite\",\"@id\":\"https:\\\/\\\/dredy-praha.cz\\\/#website\",\"url\":\"https:\\\/\\\/dredy-praha.cz\\\/\",\"name\":\"Liliia Dredy Praha\",\"description\":\"Studio Liliia Dredy Praha\",\"publisher\":{\"@id\":\"https:\\\/\\\/dredy-praha.cz\\\/#organization\"},\"alternateName\":\"Dredy Praha\",\"potentialAction\":[{\"@type\":\"SearchAction\",\"target\":{\"@type\":\"EntryPoint\",\"urlTemplate\":\"https:\\\/\\\/dredy-praha.cz\\\/?s={search_term_string}\"},\"query-input\":{\"@type\":\"PropertyValueSpecification\",\"valueRequired\":true,\"valueName\":\"search_term_string\"}}],\"inLanguage\":\"ru-RU\"},{\"@type\":\"Organization\",\"@id\":\"https:\\\/\\\/dredy-praha.cz\\\/#organization\",\"name\":\"Liliia Dredy Praha\",\"alternateName\":\"Dredy Praha\",\"url\":\"https:\\\/\\\/dredy-praha.cz\\\/\",\"logo\":{\"@type\":\"ImageObject\",\"inLanguage\":\"ru-RU\",\"@id\":\"https:\\\/\\\/dredy-praha.cz\\\/#\\\/schema\\\/logo\\\/image\\\/\",\"url\":\"https:\\\/\\\/dredy-praha.cz\\\/wp-content\\\/uploads\\\/2024\\\/07\\\/lilie-dredy-logo-512.png\",\"contentUrl\":\"https:\\\/\\\/dredy-praha.cz\\\/wp-content\\\/uploads\\\/2024\\\/07\\\/lilie-dredy-logo-512.png\",\"width\":512,\"height\":512,\"caption\":\"Liliia Dredy Praha\"},\"image\":{\"@id\":\"https:\\\/\\\/dredy-praha.cz\\\/#\\\/schema\\\/logo\\\/image\\\/\"},\"sameAs\":[\"https:\\\/\\\/www.instagram.com\\\/liliiadreads\\\/\"]}]}<\/script>\n<!-- \/ Yoast SEO plugin. -->","yoast_head_json":{"title":"Kontakt - Liliia Dredy Praha","robots":{"index":"index","follow":"follow","max-snippet":"max-snippet:-1","max-image-preview":"max-image-preview:large","max-video-preview":"max-video-preview:-1"},"canonical":"https:\/\/dredy-praha.cz\/ru\/kontakt\/","og_locale":"ru_RU","og_type":"article","og_title":"Kontakt - Liliia Dredy Praha","og_url":"https:\/\/dredy-praha.cz\/ru\/kontakt\/","og_site_name":"Liliia Dredy Praha","article_modified_time":"2025-11-20T13:28:34+00:00","og_image":[{"width":2400,"height":1350,"url":"https:\/\/dredy-praha.cz\/wp-content\/uploads\/2024\/08\/night-prague-2024.webp","type":"image\/webp"}],"twitter_card":"summary_large_image","twitter_misc":{"\u041f\u0440\u0438\u043c\u0435\u0440\u043d\u043e\u0435 \u0432\u0440\u0435\u043c\u044f \u0434\u043b\u044f \u0447\u0442\u0435\u043d\u0438\u044f":"1 \u043c\u0438\u043d\u0443\u0442\u0430"},"schema":{"@context":"https:\/\/schema.org","@graph":[{"@type":"WebPage","@id":"https:\/\/dredy-praha.cz\/kontakt\/","url":"https:\/\/dredy-praha.cz\/kontakt\/","name":"Kontakt - Liliia Dredy Praha","isPartOf":{"@id":"https:\/\/dredy-praha.cz\/#website"},"primaryImageOfPage":{"@id":"https:\/\/dredy-praha.cz\/kontakt\/#primaryimage"},"image":{"@id":"https:\/\/dredy-praha.cz\/kontakt\/#primaryimage"},"thumbnailUrl":"https:\/\/dredy-praha.cz\/wp-content\/uploads\/2024\/08\/night-prague-2024.webp","datePublished":"2024-08-03T21:47:55+00:00","dateModified":"2025-11-20T13:28:34+00:00","breadcrumb":{"@id":"https:\/\/dredy-praha.cz\/kontakt\/#breadcrumb"},"inLanguage":"ru-RU","potentialAction":[{"@type":"ReadAction","target":["https:\/\/dredy-praha.cz\/kontakt\/"]}]},{"@type":"ImageObject","inLanguage":"ru-RU","@id":"https:\/\/dredy-praha.cz\/kontakt\/#primaryimage","url":"https:\/\/dredy-praha.cz\/wp-content\/uploads\/2024\/08\/night-prague-2024.webp","contentUrl":"https:\/\/dredy-praha.cz\/wp-content\/uploads\/2024\/08\/night-prague-2024.webp"},{"@type":"BreadcrumbList","@id":"https:\/\/dredy-praha.cz\/kontakt\/#breadcrumb","itemListElement":[{"@type":"ListItem","position":1,"name":"Home","item":"https:\/\/dredy-praha.cz\/"},{"@type":"ListItem","position":2,"name":"Kontakt"}]},{"@type":"WebSite","@id":"https:\/\/dredy-praha.cz\/#website","url":"https:\/\/dredy-praha.cz\/","name":"Liliia Dredy Praha","description":"Studio Liliia Dredy Praha","publisher":{"@id":"https:\/\/dredy-praha.cz\/#organization"},"alternateName":"Dredy Praha","potentialAction":[{"@type":"SearchAction","target":{"@type":"EntryPoint","urlTemplate":"https:\/\/dredy-praha.cz\/?s={search_term_string}"},"query-input":{"@type":"PropertyValueSpecification","valueRequired":true,"valueName":"search_term_string"}}],"inLanguage":"ru-RU"},{"@type":"Organization","@id":"https:\/\/dredy-praha.cz\/#organization","name":"Liliia Dredy Praha","alternateName":"Dredy Praha","url":"https:\/\/dredy-praha.cz\/","logo":{"@type":"ImageObject","inLanguage":"ru-RU","@id":"https:\/\/dredy-praha.cz\/#\/schema\/logo\/image\/","url":"https:\/\/dredy-praha.cz\/wp-content\/uploads\/2024\/07\/lilie-dredy-logo-512.png","contentUrl":"https:\/\/dredy-praha.cz\/wp-content\/uploads\/2024\/07\/lilie-dredy-logo-512.png","width":512,"height":512,"caption":"Liliia Dredy Praha"},"image":{"@id":"https:\/\/dredy-praha.cz\/#\/schema\/logo\/image\/"},"sameAs":["https:\/\/www.instagram.com\/liliiadreads\/"]}]}},"_links":{"self":[{"href":"https:\/\/dredy-praha.cz\/ru\/wp-json\/wp\/v2\/pages\/2178","targetHints":{"allow":["GET"]}}],"collection":[{"href":"https:\/\/dredy-praha.cz\/ru\/wp-json\/wp\/v2\/pages"}],"about":[{"href":"https:\/\/dredy-praha.cz\/ru\/wp-json\/wp\/v2\/types\/page"}],"author":[{"embeddable":true,"href":"https:\/\/dredy-praha.cz\/ru\/wp-json\/wp\/v2\/users\/1"}],"replies":[{"embeddable":true,"href":"https:\/\/dredy-praha.cz\/ru\/wp-json\/wp\/v2\/comments?post=2178"}],"version-history":[{"count":64,"href":"https:\/\/dredy-praha.cz\/ru\/wp-json\/wp\/v2\/pages\/2178\/revisions"}],"predecessor-version":[{"id":2908,"href":"https:\/\/dredy-praha.cz\/ru\/wp-json\/wp\/v2\/pages\/2178\/revisions\/2908"}],"wp:attachment":[{"href":"https:\/\/dredy-praha.cz\/ru\/wp-json\/wp\/v2\/media?parent=2178"}],"curies":[{"name":"wp","href":"https:\/\/api.w.org\/{rel}","templated":true}]}}