{"id":1721,"date":"2024-07-29T02:51:11","date_gmt":"2024-07-29T00:51:11","guid":{"rendered":"https:\/\/dredy-praha.cz\/?page_id=1721"},"modified":"2024-11-17T22:12:54","modified_gmt":"2024-11-17T20:12:54","slug":"cenik","status":"publish","type":"page","link":"https:\/\/dredy-praha.cz\/ru\/cenik\/","title":{"rendered":"\u041f\u0440\u0430\u0439\u0441-\u043b\u0438\u0441\u0442 \u0430\u0444\u0440\u043e\u043a\u043e\u0441\u044b \u0438 \u0434\u0440\u0435\u0434\u044b"},"content":{"rendered":"<h1 class=\"wp-block-heading has-text-align-center has-large-font-size\" style=\"margin-top:var(--wp--preset--spacing--small);margin-right:var(--wp--preset--spacing--small);margin-bottom:var(--wp--preset--spacing--small);margin-left:var(--wp--preset--spacing--small)\">\u041f\u0440\u0430\u0439\u0441-\u043b\u0438\u0441\u0442 \u0430\u0444\u0440\u043e\u043a\u043e\u0441\u044b \u0438 \u0434\u0440\u0435\u0434\u044b<\/h1>\n\n\n\n<div class=\"wp-block-group has-border-color has-base-background-color has-background has-global-padding is-layout-constrained wp-container-core-group-is-layout-3bf14795 wp-block-group-is-layout-constrained\" style=\"border-color:#e2e2ef;border-width:1px;border-radius:5px;margin-top:0;margin-bottom:0;padding-top:var(--wp--preset--spacing--small);padding-right:0;padding-bottom:var(--wp--preset--spacing--small);padding-left:0\">\n<div class=\"wp-block-group has-base-font-size is-horizontal is-content-justification-center is-nowrap is-layout-flex wp-container-core-group-is-layout-688a8236 wp-block-group-is-layout-flex\">\n<h2 class=\"wp-block-heading has-medium-font-size\">\u0410\u0444\u0440\u043e\u043a\u043e\u0441\u044b<\/h2>\n<\/div>\n\n\n\n<div class=\"wp-block-group has-global-padding is-layout-constrained wp-container-core-group-is-layout-fb9d8e06 wp-block-group-is-layout-constrained\" style=\"padding-top:0;padding-right:0;padding-bottom:0;padding-left:0\">\n<p class=\"has-tertiary-background-color has-background has-small-font-size translation-block\" style=\"padding-top:var(--wp--preset--spacing--small);padding-right:var(--wp--preset--spacing--small);padding-bottom:var(--wp--preset--spacing--small);padding-left:var(--wp--preset--spacing--small)\">\u0410\u0444\u0440\u043e\u043a\u043e\u0441\u044b \u043a\u043b\u0430\u0441\u0441\u0438\u0447\u0435\u0441\u043a\u0438\u0435 100 \u0448\u0442. \u2013 <strong>6600 K\u010d<\/strong><\/p>\n\n\n\n<p class=\"has-base-background-color has-background has-small-font-size translation-block\" style=\"padding-top:0;padding-right:var(--wp--preset--spacing--small);padding-bottom:0;padding-left:var(--wp--preset--spacing--small)\">\u0422\u043e\u043d\u043a\u0438\u0435 \u043a\u043e\u0441\u0438\u0447\u043a\u0438 120-150 \u0448\u0442. \u2013 <strong>7600-9600 K\u010d<\/strong><\/p>\n\n\n\n<p class=\"has-tertiary-background-color has-background has-small-font-size translation-block\" style=\"padding-top:var(--wp--preset--spacing--small);padding-right:var(--wp--preset--spacing--small);padding-bottom:var(--wp--preset--spacing--small);padding-left:var(--wp--preset--spacing--small)\">Box braids (\u0442\u043e\u043b\u0441\u0442\u044b\u0435 \u0430\u0444\u0440\u043e\u043a\u043e\u0441\u044b) 80 \u0448\u0442. \u2013 <strong>5600 K\u010d<\/strong><\/p>\n\n\n\n<p class=\"has-base-background-color has-background has-small-font-size translation-block\" style=\"padding-top:0;padding-right:var(--wp--preset--spacing--small);padding-bottom:0;padding-left:var(--wp--preset--spacing--small)\">Box braids, Twist (\u0442\u043e\u043b\u0441\u0442\u044b\u0435 \u0430\u0444\u0440\u043e\u043a\u043e\u0441\u044b, \u0441\u0435\u043d\u0435\u0433\u0430\u043b\u044c\u0441\u043a\u0438\u0435 \u0436\u0433\u0443\u0442\u044b) 40 \u0448\u0442. \u2013 <strong>4600 K\u010d<\/strong><\/p>\n\n\n\n<p class=\"has-tertiary-background-color has-background has-small-font-size translation-block\" style=\"padding-top:var(--wp--preset--spacing--small);padding-right:var(--wp--preset--spacing--small);padding-bottom:var(--wp--preset--spacing--small);padding-left:var(--wp--preset--spacing--small)\">Box braids (\u0434\u043b\u0438\u043d\u0430 \u043c\u0430\u0442\u0435\u0440\u0438\u0430\u043b\u0430 80 \u0441\u043c.) 20 \u0448\u0442. \u2013 <strong>2600 K\u010d<\/strong><\/p>\n\n\n\n<p class=\"has-base-background-color has-background has-small-font-size translation-block\" style=\"padding-top:0;padding-right:var(--wp--preset--spacing--small);padding-bottom:0;padding-left:var(--wp--preset--spacing--small)\">\u0410\u043d\u0434\u0435\u0440\u043a\u0430\u0442 (\u0430\u0444\u0440\u043e\u043a\u043e\u0441\u044b \u043a\u043b\u0430\u0441\u0441\u0438\u0447\u0435\u0441\u043a\u0438\u0435) 40 \u0448\u0442. \u2013 <strong>3000 K\u010d<\/strong><\/p>\n\n\n\n<p class=\"has-tertiary-background-color has-background has-small-font-size translation-block\" style=\"padding-top:var(--wp--preset--spacing--small);padding-right:var(--wp--preset--spacing--small);padding-bottom:var(--wp--preset--spacing--small);padding-left:var(--wp--preset--spacing--small)\">\u041a\u043e\u0441\u0438\u0447\u043a\u0438 \u0417\u0438\u0437\u0438 120 \u0448\u0442. (480 \u043a\u043e\u043d\u0447\u0438\u043a\u043e\u0432) \u2013 <b>3500-5000 K\u010d<\/b><\/p>\n\n\n\n<p class=\"has-primary-color has-tertiary-background-color has-text-color has-background has-link-color has-small-font-size wp-elements-7cc413048e7322c894be42c565ff87c7\" style=\"padding-top:0;padding-right:var(--wp--preset--spacing--small);padding-bottom:0;padding-left:var(--wp--preset--spacing--small)\">\u0421\u0442\u0430\u043d\u0434\u0430\u0440\u0442\u043d\u0430\u044f \u0434\u043b\u0438\u043d\u0430 \u043c\u0430\u0442\u0435\u0440\u0438\u0430\u043b\u0430 65 \u0441\u043c.<br>\u0426\u0435\u043d\u0430 \u0437\u0430\u0432\u0438\u0441\u0438\u0442 \u043e\u0442 \u0434\u043b\u0438\u043d\u044b \u0412\u0430\u0448\u0438\u0445 \u0432\u043e\u043b\u043e\u0441.<\/p>\n<\/div>\n<\/div>","protected":false},"excerpt":{"rendered":"<p>Cen\u00edk na cop\u00e1nky a dredy Afrocop\u00e1nky Klasick\u00e9 afrocop\u00e1nky 100 ks \u2014 6600 K\u010d Tenk\u00e9 cop\u00e1nky 120-150 ks \u2014 7600-9600 K\u010d Box braids (tlust\u00e9 afrocop\u00e1nky) 80 ks \u2014 5600 K\u010d Box braids, Twist (tlust\u00e9 afrocop\u00e1nky, senegalsk\u00e9 twisty) 40 ks \u2014 4600 K\u010d Box braids (d\u00e9lka materi\u00e1lu 80 cm) 20 ks \u2014 2600 K\u010d Undercut (klasick\u00e9 afrocop\u00e1nky) [&hellip;]<\/p>\n","protected":false},"author":1,"featured_media":0,"parent":0,"menu_order":0,"comment_status":"closed","ping_status":"closed","template":"page-no-title","meta":{"_gspb_post_css":"","_vp_format_video_url":"","_vp_image_focal_point":[],"footnotes":""},"class_list":["post-1721","page","type-page","status-publish","hentry"],"yoast_head":"<!-- This site is optimized with the Yoast SEO plugin v27.4 - https:\/\/yoast.com\/product\/yoast-seo-wordpress\/ -->\n<title>Cen\u00edk na cop\u00e1nky a dredy - Liliia Dredy Praha<\/title>\n<meta name=\"robots\" content=\"index, follow, max-snippet:-1, max-image-preview:large, max-video-preview:-1\" \/>\n<link rel=\"canonical\" href=\"https:\/\/dredy-praha.cz\/ru\/cenik\/\" \/>\n<meta property=\"og:locale\" content=\"ru_RU\" \/>\n<meta property=\"og:type\" content=\"article\" \/>\n<meta property=\"og:title\" content=\"Cen\u00edk na cop\u00e1nky a dredy - Liliia Dredy Praha\" \/>\n<meta property=\"og:description\" content=\"Cen\u00edk na cop\u00e1nky a dredy Afrocop\u00e1nky Klasick\u00e9 afrocop\u00e1nky 100 ks \u2014 6600 K\u010d Tenk\u00e9 cop\u00e1nky 120-150 ks \u2014 7600-9600 K\u010d Box braids (tlust\u00e9 afrocop\u00e1nky) 80 ks \u2014 5600 K\u010d Box braids, Twist (tlust\u00e9 afrocop\u00e1nky, senegalsk\u00e9 twisty) 40 ks \u2014 4600 K\u010d Box braids (d\u00e9lka materi\u00e1lu 80 cm) 20 ks \u2014 2600 K\u010d Undercut (klasick\u00e9 afrocop\u00e1nky) [&hellip;]\" \/>\n<meta property=\"og:url\" content=\"https:\/\/dredy-praha.cz\/ru\/cenik\/\" \/>\n<meta property=\"og:site_name\" content=\"Liliia Dredy Praha\" \/>\n<meta property=\"article:modified_time\" content=\"2024-11-17T20:12:54+00:00\" \/>\n<meta name=\"twitter:card\" content=\"summary_large_image\" \/>\n<meta name=\"twitter:label1\" content=\"\u041f\u0440\u0438\u043c\u0435\u0440\u043d\u043e\u0435 \u0432\u0440\u0435\u043c\u044f \u0434\u043b\u044f \u0447\u0442\u0435\u043d\u0438\u044f\" \/>\n\t<meta name=\"twitter:data1\" content=\"1 \u043c\u0438\u043d\u0443\u0442\u0430\" \/>\n<script type=\"application\/ld+json\" class=\"yoast-schema-graph\">{\"@context\":\"https:\\\/\\\/schema.org\",\"@graph\":[{\"@type\":\"WebPage\",\"@id\":\"https:\\\/\\\/dredy-praha.cz\\\/cenik\\\/\",\"url\":\"https:\\\/\\\/dredy-praha.cz\\\/cenik\\\/\",\"name\":\"Cen\u00edk na cop\u00e1nky a dredy - Liliia Dredy Praha\",\"isPartOf\":{\"@id\":\"https:\\\/\\\/dredy-praha.cz\\\/#website\"},\"datePublished\":\"2024-07-29T00:51:11+00:00\",\"dateModified\":\"2024-11-17T20:12:54+00:00\",\"breadcrumb\":{\"@id\":\"https:\\\/\\\/dredy-praha.cz\\\/cenik\\\/#breadcrumb\"},\"inLanguage\":\"ru-RU\",\"potentialAction\":[{\"@type\":\"ReadAction\",\"target\":[\"https:\\\/\\\/dredy-praha.cz\\\/cenik\\\/\"]}]},{\"@type\":\"BreadcrumbList\",\"@id\":\"https:\\\/\\\/dredy-praha.cz\\\/cenik\\\/#breadcrumb\",\"itemListElement\":[{\"@type\":\"ListItem\",\"position\":1,\"name\":\"Home\",\"item\":\"https:\\\/\\\/dredy-praha.cz\\\/\"},{\"@type\":\"ListItem\",\"position\":2,\"name\":\"Cen\u00edk na cop\u00e1nky a dredy\"}]},{\"@type\":\"WebSite\",\"@id\":\"https:\\\/\\\/dredy-praha.cz\\\/#website\",\"url\":\"https:\\\/\\\/dredy-praha.cz\\\/\",\"name\":\"Liliia Dredy Praha\",\"description\":\"Studio Liliia Dredy Praha\",\"publisher\":{\"@id\":\"https:\\\/\\\/dredy-praha.cz\\\/#organization\"},\"alternateName\":\"Dredy Praha\",\"potentialAction\":[{\"@type\":\"SearchAction\",\"target\":{\"@type\":\"EntryPoint\",\"urlTemplate\":\"https:\\\/\\\/dredy-praha.cz\\\/?s={search_term_string}\"},\"query-input\":{\"@type\":\"PropertyValueSpecification\",\"valueRequired\":true,\"valueName\":\"search_term_string\"}}],\"inLanguage\":\"ru-RU\"},{\"@type\":\"Organization\",\"@id\":\"https:\\\/\\\/dredy-praha.cz\\\/#organization\",\"name\":\"Liliia Dredy Praha\",\"alternateName\":\"Dredy Praha\",\"url\":\"https:\\\/\\\/dredy-praha.cz\\\/\",\"logo\":{\"@type\":\"ImageObject\",\"inLanguage\":\"ru-RU\",\"@id\":\"https:\\\/\\\/dredy-praha.cz\\\/#\\\/schema\\\/logo\\\/image\\\/\",\"url\":\"https:\\\/\\\/dredy-praha.cz\\\/wp-content\\\/uploads\\\/2024\\\/07\\\/lilie-dredy-logo-512.png\",\"contentUrl\":\"https:\\\/\\\/dredy-praha.cz\\\/wp-content\\\/uploads\\\/2024\\\/07\\\/lilie-dredy-logo-512.png\",\"width\":512,\"height\":512,\"caption\":\"Liliia Dredy Praha\"},\"image\":{\"@id\":\"https:\\\/\\\/dredy-praha.cz\\\/#\\\/schema\\\/logo\\\/image\\\/\"},\"sameAs\":[\"https:\\\/\\\/www.instagram.com\\\/liliiadreads\\\/\"]}]}<\/script>\n<!-- \/ Yoast SEO plugin. -->","yoast_head_json":{"title":"Cen\u00edk na cop\u00e1nky a dredy - Liliia Dredy Praha","robots":{"index":"index","follow":"follow","max-snippet":"max-snippet:-1","max-image-preview":"max-image-preview:large","max-video-preview":"max-video-preview:-1"},"canonical":"https:\/\/dredy-praha.cz\/ru\/cenik\/","og_locale":"ru_RU","og_type":"article","og_title":"Cen\u00edk na cop\u00e1nky a dredy - Liliia Dredy Praha","og_description":"Cen\u00edk na cop\u00e1nky a dredy Afrocop\u00e1nky Klasick\u00e9 afrocop\u00e1nky 100 ks \u2014 6600 K\u010d Tenk\u00e9 cop\u00e1nky 120-150 ks \u2014 7600-9600 K\u010d Box braids (tlust\u00e9 afrocop\u00e1nky) 80 ks \u2014 5600 K\u010d Box braids, Twist (tlust\u00e9 afrocop\u00e1nky, senegalsk\u00e9 twisty) 40 ks \u2014 4600 K\u010d Box braids (d\u00e9lka materi\u00e1lu 80 cm) 20 ks \u2014 2600 K\u010d Undercut (klasick\u00e9 afrocop\u00e1nky) [&hellip;]","og_url":"https:\/\/dredy-praha.cz\/ru\/cenik\/","og_site_name":"Liliia Dredy Praha","article_modified_time":"2024-11-17T20:12:54+00:00","twitter_card":"summary_large_image","twitter_misc":{"\u041f\u0440\u0438\u043c\u0435\u0440\u043d\u043e\u0435 \u0432\u0440\u0435\u043c\u044f \u0434\u043b\u044f \u0447\u0442\u0435\u043d\u0438\u044f":"1 \u043c\u0438\u043d\u0443\u0442\u0430"},"schema":{"@context":"https:\/\/schema.org","@graph":[{"@type":"WebPage","@id":"https:\/\/dredy-praha.cz\/cenik\/","url":"https:\/\/dredy-praha.cz\/cenik\/","name":"Cen\u00edk na cop\u00e1nky a dredy - Liliia Dredy Praha","isPartOf":{"@id":"https:\/\/dredy-praha.cz\/#website"},"datePublished":"2024-07-29T00:51:11+00:00","dateModified":"2024-11-17T20:12:54+00:00","breadcrumb":{"@id":"https:\/\/dredy-praha.cz\/cenik\/#breadcrumb"},"inLanguage":"ru-RU","potentialAction":[{"@type":"ReadAction","target":["https:\/\/dredy-praha.cz\/cenik\/"]}]},{"@type":"BreadcrumbList","@id":"https:\/\/dredy-praha.cz\/cenik\/#breadcrumb","itemListElement":[{"@type":"ListItem","position":1,"name":"Home","item":"https:\/\/dredy-praha.cz\/"},{"@type":"ListItem","position":2,"name":"Cen\u00edk na cop\u00e1nky a dredy"}]},{"@type":"WebSite","@id":"https:\/\/dredy-praha.cz\/#website","url":"https:\/\/dredy-praha.cz\/","name":"Liliia Dredy Praha","description":"Studio Liliia Dredy Praha","publisher":{"@id":"https:\/\/dredy-praha.cz\/#organization"},"alternateName":"Dredy Praha","potentialAction":[{"@type":"SearchAction","target":{"@type":"EntryPoint","urlTemplate":"https:\/\/dredy-praha.cz\/?s={search_term_string}"},"query-input":{"@type":"PropertyValueSpecification","valueRequired":true,"valueName":"search_term_string"}}],"inLanguage":"ru-RU"},{"@type":"Organization","@id":"https:\/\/dredy-praha.cz\/#organization","name":"Liliia Dredy Praha","alternateName":"Dredy Praha","url":"https:\/\/dredy-praha.cz\/","logo":{"@type":"ImageObject","inLanguage":"ru-RU","@id":"https:\/\/dredy-praha.cz\/#\/schema\/logo\/image\/","url":"https:\/\/dredy-praha.cz\/wp-content\/uploads\/2024\/07\/lilie-dredy-logo-512.png","contentUrl":"https:\/\/dredy-praha.cz\/wp-content\/uploads\/2024\/07\/lilie-dredy-logo-512.png","width":512,"height":512,"caption":"Liliia Dredy Praha"},"image":{"@id":"https:\/\/dredy-praha.cz\/#\/schema\/logo\/image\/"},"sameAs":["https:\/\/www.instagram.com\/liliiadreads\/"]}]}},"_links":{"self":[{"href":"https:\/\/dredy-praha.cz\/ru\/wp-json\/wp\/v2\/pages\/1721","targetHints":{"allow":["GET"]}}],"collection":[{"href":"https:\/\/dredy-praha.cz\/ru\/wp-json\/wp\/v2\/pages"}],"about":[{"href":"https:\/\/dredy-praha.cz\/ru\/wp-json\/wp\/v2\/types\/page"}],"author":[{"embeddable":true,"href":"https:\/\/dredy-praha.cz\/ru\/wp-json\/wp\/v2\/users\/1"}],"replies":[{"embeddable":true,"href":"https:\/\/dredy-praha.cz\/ru\/wp-json\/wp\/v2\/comments?post=1721"}],"version-history":[{"count":35,"href":"https:\/\/dredy-praha.cz\/ru\/wp-json\/wp\/v2\/pages\/1721\/revisions"}],"predecessor-version":[{"id":2755,"href":"https:\/\/dredy-praha.cz\/ru\/wp-json\/wp\/v2\/pages\/1721\/revisions\/2755"}],"wp:attachment":[{"href":"https:\/\/dredy-praha.cz\/ru\/wp-json\/wp\/v2\/media?parent=1721"}],"curies":[{"name":"wp","href":"https:\/\/api.w.org\/{rel}","templated":true}]}}